{"id":313,"date":"2018-06-12T11:36:29","date_gmt":"2018-06-12T09:36:29","guid":{"rendered":"https:\/\/coiffure-exclusive.be\/?page_id=313"},"modified":"2018-06-12T11:36:29","modified_gmt":"2018-06-12T09:36:29","slug":"politique-de-confidentialite","status":"publish","type":"page","link":"https:\/\/coiffure-exclusive.be\/fr\/politique-de-confidentialite\/","title":{"rendered":"Politique de confidentialit\u00e9"},"content":{"rendered":"<p><a href=\"https:\/\/coiffure-exclusive.be\">www.coiffure-exclusive.be<\/a> est un site web g\u00e9r\u00e9 par Coiffure Exclusive.<br \/>\nG\u00fcnter Boel est le d\u00e9l\u00e9gu\u00e9\u00a0\u00e0\u00a0la protection des\u00a0donn\u00e9es pour ce site web.<\/p>\n<p>Coordonn\u00e9es:<br \/>\nSteenweg 38<br \/>\n1730 Asse (Belgique)<br \/>\n+32 2 4530638<br \/>\nTVA BE 0720338628<\/p>\n<p>Lorsqu\u2019un client compl\u00e8te notre formulaire de contact, fixe un rendez-vous en ligne, postule ou nous envoie un courriel, ce client mandate notre salon de coiffure \u00e0 proc\u00e9der au traitement de ses donn\u00e9es personnelles.<\/p>\n<p>Nous nous engageons \u00e0 utiliser exclusivement ces donn\u00e9es en interne.<\/p>\n<p>Les donn\u00e9es suivantes sont conserv\u00e9es lors d\u2019une visite sur notre site web:<\/p>\n<ul>\n<li>Si vous fixez un rendez-vous en ligne:\n<ul>\n<li>Votre adresse \u00e9lectronique<\/li>\n<li>Vos nom et pr\u00e9nom<\/li>\n<li>Votre num\u00e9ro de t\u00e9l\u00e9phone et\/ou votre num\u00e9ro de GSM<\/li>\n<\/ul>\n<\/li>\n<li>Si vous remplissez notre formulaire de contact ou si vous nous envoyez un courriel:\n<ul>\n<li>Toutes les informations que vous nous transmettez volontairement<\/li>\n<li>Votre adresse \u00e9lectronique<\/li>\n<\/ul>\n<\/li>\n<\/ul>\n<p>Les donn\u00e9es personnelles indiqu\u00e9es sont seulement utilis\u00e9es en interne et ne sont pas transmises, partag\u00e9es, vendues \u00e0 des fins commerciales \u00e0 d\u2019autres organisations. Elles sont uniquement utilis\u00e9es par notre propre entreprise.<\/p>\n<p>Nous utilisons des cookies sur <a href=\"https:\/\/coiffure-exclusive.be\">coiffure-exclusive.be<\/a> (NB: un cookie est un petit fichier qui est envoy\u00e9 par un serveur internet et qui s\u2019installe sur le disque dur de votre ordinateur).<\/p>\n<p>Le client est seul responsable de l\u2019utilisation de son mot de passe, notamment, en cas d\u2019utilisation frauduleuse par un tiers.<\/p>\n<p>D\u00e9sirez-vous vous d\u00e9sabonner \u00e0 notre bulletin d\u2019informations, avoir acc\u00e8s \u00e0 vos donn\u00e9es personnelles pour les modifier, les consulter ou les supprimer ou nous contacter en ce qui concerne notre politique de confidentialit\u00e9 ? Contactez-nous:<\/p>\n<ul>\n<li>Par t\u00e9l\u00e9phone: +32 2 4530638 \u2013 G\u00fcnter Boel<\/li>\n<li>Par courrier postal: Coiffure Exclusive, Steenweg 38, 1730 Asse (Belgique)<\/li>\n<li>Par courriel: gunter@coiffure-exclusive.be<\/li>\n<\/ul>\n<h4>Finalit\u00e9s g\u00e9n\u00e9rales:<\/h4>\n<p>Vos donn\u00e9es personnelles sont collect\u00e9es pour:<\/p>\n<ul>\n<li>Planifier automatiquement votre rendez-vous dans l\u2019ordinateur de notre salon de coiffure et vous envoyer une confirmation de rendez-vous<\/li>\n<li>Vous envoyer un courriel, courrier postal ou SMS en cas d\u2019erreur ou oubli.<\/li>\n<li>Vous recontacter en ce qui concerne le formulaire de contact que vous avez compl\u00e9t\u00e9<\/li>\n<\/ul>\n<h4>Marketing direct et communication \u00e0 des tiers<\/h4>\n<p>Vos donn\u00e9es personnelles sont strictement conserv\u00e9es au sein de notre entreprise et ne sont en aucun cas communiqu\u00e9es \u00e0 des tiers ou utilis\u00e9es \u00e0 des fins de marketing direct, sauf si nous en avons re\u00e7u votre autorisation explicite pr\u00e9alable lors de votre inscription. Cette autorisation peut \u00eatre \u00e0 tout moment retir\u00e9e sans motivation et gratuitement en envoyant un courriel \u00e0 gunter@coiffure-exclusive.be.<\/p>\n<h4>Des infractions graves<\/h4>\n<p>A votre demande, en cas d\u2019infractions graves des r\u00e8gles de conduite, vos donn\u00e9es peuvent \u00eatre transmises \u00e0 la justice.<\/p>\n<h4>Dur\u00e9e de conservation des donn\u00e9es<\/h4>\n<p>Toutes les donn\u00e9es personnelles sont conserv\u00e9es pendant la p\u00e9riode n\u00e9cessaire \u00e0 la fourniture du service de Coiffure Exclusive (normalement, 1 an).<\/p>\n<h4>Droit d\u2019acc\u00e8s et am\u00e9lioration<\/h4>\n<p>Vous avez le droit de prendre connaissance, \u00e0 tout moment, de vos donn\u00e9es personnelles, de les am\u00e9liorer ou de les modifier, en envoyant un courriel \u00e0 gunter@coiffure-exclusive.be, \u00e0 condition de joindre une copie de votre carte d\u2019identit\u00e9.<\/p>\n<p>Vous \u00eates enti\u00e8rement libre de communiquer ou non vos donn\u00e9es personnelles \u00e0 Coiffure Exclusive. Il faut bien savoir que, si vous ne remplissez pas vos donn\u00e9es personnelles, vous ne pourrez pas fixer de rendez-vous en ligne et que vous \u00eates seul responsable de l\u2019exactitude des donn\u00e9es que vous communiquez \u00e0 Coiffure Exclusive.<\/p>\n<h4>Droit d\u2019opposition<\/h4>\n<p>Vous pouvez exercer votre droit d\u2019opposition au traitement de vos donn\u00e9es personnelles pour des raisons graves et l\u00e9gitimes en envoyant un courriel \u00e0 gunter@coiffure-exclusive.be.<\/p>\n<h4>S\u00e9curit\u00e9 et confidentialit\u00e9<\/h4>\n<p>Coiffure Exclusive dispose de mesures de s\u00e9curit\u00e9 adapt\u00e9es sur le plan technique et organisationnel pour \u00e9viter la destruction, la perte, la falsification, la modification, l\u2019acc\u00e8s non autoris\u00e9 ou la notification par erreur des donn\u00e9es personnelles collect\u00e9es sur son site web ainsi que tout autre traitement non autoris\u00e9 de ces donn\u00e9es.<\/p>\n<p>Coiffure Exclusive ne peut en aucun cas \u00eatre tenu responsable de tout dommage direct ou indirect r\u00e9sultant d\u2019une utilisation erron\u00e9e ou illicite des donn\u00e9es personnelles par un tiers.<\/p>\n<h4>Droit applicable et clause attributive de juridiction<\/h4>\n<p>La pr\u00e9sente politique de confidentialit\u00e9 est r\u00e9gie, interpr\u00e9t\u00e9e et ex\u00e9cut\u00e9e conform\u00e9ment au droit belge, qui s\u2019applique exclusivement \u00e0 tout litige \u00e9ventuel.<\/p>\n<h4>Acceptation<\/h4>\n<p>En nous contactant par l\u2019interm\u00e9diaire de <a href=\"https:\/\/coiffure-exclusive.be\">www.coiffure-exclusive.be<\/a> ou en fixant un rendez-vous en ligne, vous acceptez toutes les dispositions de la pr\u00e9sente politique de confidentialit\u00e9 et consentez \u00e0 ce que Coiffure Exclusive collecte vos donn\u00e9es personnelles et les traite conform\u00e9ment \u00e0 cette politique de confidentialit\u00e9.<\/p>\n","protected":false},"excerpt":{"rendered":"<p>www.coiffure-exclusive.be est un site web g\u00e9r\u00e9 par Coiffure Exclusive. G\u00fcnter Boel est le d\u00e9l\u00e9gu\u00e9\u00a0\u00e0\u00a0la protection des\u00a0donn\u00e9es pour ce site web. Coordonn\u00e9es: Steenweg 38 1730 Asse (Belgique) +32 2 4530638 TVA BE 0720338628 Lorsqu\u2019un client compl\u00e8te notre formulaire de contact, fixe un rendez-vous en ligne, postule ou nous envoie un courriel, ce client mandate notre salon &hellip; <\/p>\n<p class=\"link-more\"><a href=\"https:\/\/coiffure-exclusive.be\/fr\/politique-de-confidentialite\/\" class=\"more-link\">Continue reading<span class=\"screen-reader-text\"> \u00ab\u00a0Politique de confidentialit\u00e9\u00a0\u00bb<\/span><\/a><\/p>\n","protected":false},"author":1,"featured_media":0,"parent":0,"menu_order":0,"comment_status":"closed","ping_status":"closed","template":"","meta":{"_acf_changed":false,"footnotes":""},"acf":[],"yoast_head":"<!-- This site is optimized with the Yoast SEO plugin v22.3 - https:\/\/yoast.com\/wordpress\/plugins\/seo\/ -->\n<title>Politique de confidentialit\u00e9 - Coiffure Exclusive<\/title>\n<meta name=\"robots\" content=\"index, follow, max-snippet:-1, max-image-preview:large, max-video-preview:-1\" \/>\n<link rel=\"canonical\" href=\"https:\/\/coiffure-exclusive.be\/fr\/politique-de-confidentialite\/\" \/>\n<meta property=\"og:locale\" content=\"fr_FR\" \/>\n<meta property=\"og:type\" content=\"article\" \/>\n<meta property=\"og:title\" content=\"Politique de confidentialit\u00e9 - Coiffure Exclusive\" \/>\n<meta property=\"og:description\" content=\"www.coiffure-exclusive.be est un site web g\u00e9r\u00e9 par Coiffure Exclusive. G\u00fcnter Boel est le d\u00e9l\u00e9gu\u00e9\u00a0\u00e0\u00a0la protection des\u00a0donn\u00e9es pour ce site web. Coordonn\u00e9es: Steenweg 38 1730 Asse (Belgique) +32 2 4530638 TVA BE 0720338628 Lorsqu\u2019un client compl\u00e8te notre formulaire de contact, fixe un rendez-vous en ligne, postule ou nous envoie un courriel, ce client mandate notre salon &hellip; Continue reading &quot;Politique de confidentialit\u00e9&quot;\" \/>\n<meta property=\"og:url\" content=\"https:\/\/coiffure-exclusive.be\/fr\/politique-de-confidentialite\/\" \/>\n<meta property=\"og:site_name\" content=\"Coiffure Exclusive\" \/>\n<meta property=\"article:publisher\" content=\"https:\/\/www.facebook.com\/Coiffure-Exclusive-587450181317851\/\" \/>\n<meta name=\"twitter:card\" content=\"summary_large_image\" \/>\n<meta name=\"twitter:label1\" content=\"Dur\u00e9e de lecture estim\u00e9e\" \/>\n\t<meta name=\"twitter:data1\" content=\"4 minutes\" \/>\n<script type=\"application\/ld+json\" class=\"yoast-schema-graph\">{\"@context\":\"https:\/\/schema.org\",\"@graph\":[{\"@type\":\"WebPage\",\"@id\":\"https:\/\/coiffure-exclusive.be\/fr\/politique-de-confidentialite\/\",\"url\":\"https:\/\/coiffure-exclusive.be\/fr\/politique-de-confidentialite\/\",\"name\":\"Politique de confidentialit\u00e9 - Coiffure Exclusive\",\"isPartOf\":{\"@id\":\"https:\/\/coiffure-exclusive.be\/fr\/#website\"},\"datePublished\":\"2018-06-12T09:36:29+00:00\",\"dateModified\":\"2018-06-12T09:36:29+00:00\",\"breadcrumb\":{\"@id\":\"https:\/\/coiffure-exclusive.be\/fr\/politique-de-confidentialite\/#breadcrumb\"},\"inLanguage\":\"fr-FR\",\"potentialAction\":[{\"@type\":\"ReadAction\",\"target\":[\"https:\/\/coiffure-exclusive.be\/fr\/politique-de-confidentialite\/\"]}]},{\"@type\":\"BreadcrumbList\",\"@id\":\"https:\/\/coiffure-exclusive.be\/fr\/politique-de-confidentialite\/#breadcrumb\",\"itemListElement\":[{\"@type\":\"ListItem\",\"position\":1,\"name\":\"Home\",\"item\":\"https:\/\/coiffure-exclusive.be\/fr\/home1\/\"},{\"@type\":\"ListItem\",\"position\":2,\"name\":\"Politique de confidentialit\u00e9\"}]},{\"@type\":\"WebSite\",\"@id\":\"https:\/\/coiffure-exclusive.be\/fr\/#website\",\"url\":\"https:\/\/coiffure-exclusive.be\/fr\/\",\"name\":\"Coiffure Exclusive\",\"description\":\"\",\"publisher\":{\"@id\":\"https:\/\/coiffure-exclusive.be\/fr\/#organization\"},\"potentialAction\":[{\"@type\":\"SearchAction\",\"target\":{\"@type\":\"EntryPoint\",\"urlTemplate\":\"https:\/\/coiffure-exclusive.be\/fr\/?s={search_term_string}\"},\"query-input\":\"required name=search_term_string\"}],\"inLanguage\":\"fr-FR\"},{\"@type\":\"Organization\",\"@id\":\"https:\/\/coiffure-exclusive.be\/fr\/#organization\",\"name\":\"Coiffure Exclusive\",\"url\":\"https:\/\/coiffure-exclusive.be\/fr\/\",\"logo\":{\"@type\":\"ImageObject\",\"inLanguage\":\"fr-FR\",\"@id\":\"https:\/\/coiffure-exclusive.be\/fr\/#\/schema\/logo\/image\/\",\"url\":\"https:\/\/coiffure-exclusive.be\/wp-content\/uploads\/2018\/02\/logo_Exclusive.png\",\"contentUrl\":\"https:\/\/coiffure-exclusive.be\/wp-content\/uploads\/2018\/02\/logo_Exclusive.png\",\"width\":247,\"height\":66,\"caption\":\"Coiffure Exclusive\"},\"image\":{\"@id\":\"https:\/\/coiffure-exclusive.be\/fr\/#\/schema\/logo\/image\/\"},\"sameAs\":[\"https:\/\/www.facebook.com\/Coiffure-Exclusive-587450181317851\/\"]}]}<\/script>\n<!-- \/ Yoast SEO plugin. -->","yoast_head_json":{"title":"Politique de confidentialit\u00e9 - Coiffure Exclusive","robots":{"index":"index","follow":"follow","max-snippet":"max-snippet:-1","max-image-preview":"max-image-preview:large","max-video-preview":"max-video-preview:-1"},"canonical":"https:\/\/coiffure-exclusive.be\/fr\/politique-de-confidentialite\/","og_locale":"fr_FR","og_type":"article","og_title":"Politique de confidentialit\u00e9 - Coiffure Exclusive","og_description":"www.coiffure-exclusive.be est un site web g\u00e9r\u00e9 par Coiffure Exclusive. G\u00fcnter Boel est le d\u00e9l\u00e9gu\u00e9\u00a0\u00e0\u00a0la protection des\u00a0donn\u00e9es pour ce site web. Coordonn\u00e9es: Steenweg 38 1730 Asse (Belgique) +32 2 4530638 TVA BE 0720338628 Lorsqu\u2019un client compl\u00e8te notre formulaire de contact, fixe un rendez-vous en ligne, postule ou nous envoie un courriel, ce client mandate notre salon &hellip; Continue reading \"Politique de confidentialit\u00e9\"","og_url":"https:\/\/coiffure-exclusive.be\/fr\/politique-de-confidentialite\/","og_site_name":"Coiffure Exclusive","article_publisher":"https:\/\/www.facebook.com\/Coiffure-Exclusive-587450181317851\/","twitter_card":"summary_large_image","twitter_misc":{"Dur\u00e9e de lecture estim\u00e9e":"4 minutes"},"schema":{"@context":"https:\/\/schema.org","@graph":[{"@type":"WebPage","@id":"https:\/\/coiffure-exclusive.be\/fr\/politique-de-confidentialite\/","url":"https:\/\/coiffure-exclusive.be\/fr\/politique-de-confidentialite\/","name":"Politique de confidentialit\u00e9 - Coiffure Exclusive","isPartOf":{"@id":"https:\/\/coiffure-exclusive.be\/fr\/#website"},"datePublished":"2018-06-12T09:36:29+00:00","dateModified":"2018-06-12T09:36:29+00:00","breadcrumb":{"@id":"https:\/\/coiffure-exclusive.be\/fr\/politique-de-confidentialite\/#breadcrumb"},"inLanguage":"fr-FR","potentialAction":[{"@type":"ReadAction","target":["https:\/\/coiffure-exclusive.be\/fr\/politique-de-confidentialite\/"]}]},{"@type":"BreadcrumbList","@id":"https:\/\/coiffure-exclusive.be\/fr\/politique-de-confidentialite\/#breadcrumb","itemListElement":[{"@type":"ListItem","position":1,"name":"Home","item":"https:\/\/coiffure-exclusive.be\/fr\/home1\/"},{"@type":"ListItem","position":2,"name":"Politique de confidentialit\u00e9"}]},{"@type":"WebSite","@id":"https:\/\/coiffure-exclusive.be\/fr\/#website","url":"https:\/\/coiffure-exclusive.be\/fr\/","name":"Coiffure Exclusive","description":"","publisher":{"@id":"https:\/\/coiffure-exclusive.be\/fr\/#organization"},"potentialAction":[{"@type":"SearchAction","target":{"@type":"EntryPoint","urlTemplate":"https:\/\/coiffure-exclusive.be\/fr\/?s={search_term_string}"},"query-input":"required name=search_term_string"}],"inLanguage":"fr-FR"},{"@type":"Organization","@id":"https:\/\/coiffure-exclusive.be\/fr\/#organization","name":"Coiffure Exclusive","url":"https:\/\/coiffure-exclusive.be\/fr\/","logo":{"@type":"ImageObject","inLanguage":"fr-FR","@id":"https:\/\/coiffure-exclusive.be\/fr\/#\/schema\/logo\/image\/","url":"https:\/\/coiffure-exclusive.be\/wp-content\/uploads\/2018\/02\/logo_Exclusive.png","contentUrl":"https:\/\/coiffure-exclusive.be\/wp-content\/uploads\/2018\/02\/logo_Exclusive.png","width":247,"height":66,"caption":"Coiffure Exclusive"},"image":{"@id":"https:\/\/coiffure-exclusive.be\/fr\/#\/schema\/logo\/image\/"},"sameAs":["https:\/\/www.facebook.com\/Coiffure-Exclusive-587450181317851\/"]}]}},"_links":{"self":[{"href":"https:\/\/coiffure-exclusive.be\/fr\/wp-json\/wp\/v2\/pages\/313"}],"collection":[{"href":"https:\/\/coiffure-exclusive.be\/fr\/wp-json\/wp\/v2\/pages"}],"about":[{"href":"https:\/\/coiffure-exclusive.be\/fr\/wp-json\/wp\/v2\/types\/page"}],"author":[{"embeddable":true,"href":"https:\/\/coiffure-exclusive.be\/fr\/wp-json\/wp\/v2\/users\/1"}],"replies":[{"embeddable":true,"href":"https:\/\/coiffure-exclusive.be\/fr\/wp-json\/wp\/v2\/comments?post=313"}],"version-history":[{"count":1,"href":"https:\/\/coiffure-exclusive.be\/fr\/wp-json\/wp\/v2\/pages\/313\/revisions"}],"predecessor-version":[{"id":314,"href":"https:\/\/coiffure-exclusive.be\/fr\/wp-json\/wp\/v2\/pages\/313\/revisions\/314"}],"wp:attachment":[{"href":"https:\/\/coiffure-exclusive.be\/fr\/wp-json\/wp\/v2\/media?parent=313"}],"curies":[{"name":"wp","href":"https:\/\/api.w.org\/{rel}","templated":true}]}}